{"id":8365,"date":"2025-10-22T16:18:55","date_gmt":"2025-10-22T09:18:55","guid":{"rendered":"https:\/\/phuongnguyen.sagomedia.vn\/?page_id=8365"},"modified":"2025-11-13T15:36:22","modified_gmt":"2025-11-13T08:36:22","slug":"dao-tao-huong-dan-ky-thuat-pha-che-chuyen-nghiep","status":"publish","type":"page","link":"https:\/\/phuongnguyen.sagomedia.vn\/en\/dich-vu-chung-toi\/dao-tao-huong-dan-ky-thuat-pha-che-chuyen-nghiep\/","title":{"rendered":"Training &amp; technical guide professional mixologist"},"content":{"rendered":"<p data-start=\"380\" data-end=\"795\">Trong h\u00e0nh tr\u00ecnh \u0111i\u1ec1u h\u00e0nh qu\u00e1n c\u00e0 ph\u00ea th\u00e0nh c\u00f4ng, <strong data-start=\"436\" data-end=\"455\">skills dispensing<\/strong> and <strong data-start=\"459\" data-end=\"484\">understanding products<\/strong> is the key element to help create distinct taste and retain customers.<br data-start=\"560\" data-end=\"563\" \/>Understand that, <strong data-start=\"580\" data-end=\"604\">Phuong Nguyen Coffee<\/strong> construction <strong data-start=\"614\" data-end=\"681\">program training &amp; technical guide professional mixologist<\/strong>, designed exclusively for <strong data-start=\"712\" data-end=\"792\">the owner, the bartender, and the young love coffee industry \u2013 drinks<\/strong>.<\/p>\n<h3 data-start=\"797\" data-end=\"849\">1. Training \u2013 Standard Barista international<\/h3>\n<p data-start=\"850\" data-end=\"1025\">Course at a Local Resource to help students master the <strong data-start=\"900\" data-end=\"963\">the entire process of preparation of coffee \u2013 tea \u2013 drink-modern<\/strong>from theory to practice depth.<br data-start=\"1003\" data-end=\"1006\" \/>Contents include:<\/p>\n<ul data-start=\"1026\" data-end=\"1430\">\n<li data-start=\"1026\" data-end=\"1101\">\n<p data-start=\"1028\" data-end=\"1101\">General knowledge about <strong data-start=\"1051\" data-end=\"1098\">coffee bean, roaster, classification, and preservation<\/strong>.<\/p>\n<\/li>\n<li data-start=\"1102\" data-end=\"1172\">\n<p data-start=\"1104\" data-end=\"1172\"><strong data-start=\"1104\" data-end=\"1160\">Use espresso \u2013 coffee grinder calibration espresso<\/strong> standard unit.<\/p>\n<\/li>\n<li data-start=\"1173\" data-end=\"1268\">\n<p data-start=\"1175\" data-end=\"1268\">Technical <strong data-start=\"1184\" data-end=\"1216\">gave milk, foam, latte art<\/strong> and dispensing the line coffee drinks hot \u2013 cold.<\/p>\n<\/li>\n<li data-start=\"1269\" data-end=\"1341\">\n<p data-start=\"1271\" data-end=\"1341\">Recipe <strong data-start=\"1281\" data-end=\"1338\">tea, juice, soda, smoothies, ice blended, coffee signature<\/strong>.<\/p>\n<\/li>\n<li data-start=\"1342\" data-end=\"1430\">\n<p data-start=\"1344\" data-end=\"1430\">Way <strong data-start=\"1349\" data-end=\"1403\">build menu \u2013 calculate cost \u2013 quantitative material<\/strong> standard for operational consistency.<\/p>\n<\/li>\n<\/ul>\n<p data-start=\"1432\" data-end=\"1589\">All are taught by <strong data-start=\"1458\" data-end=\"1500\">our team of barista and technical experts<\/strong> many years of experience, knowledgeable about <strong data-start=\"1538\" data-end=\"1588\">dispensing equipment and the actual operating at a<\/strong>.<\/p>\n<p data-start=\"1432\" data-end=\"1589\"><img loading=\"lazy\" decoding=\"async\" class=\"aligncenter size-large wp-image-8509\" src=\"https:\/\/phuongnguyen.sagomedia.vn\/wp-content\/uploads\/2025\/10\/ca-phe-pha-phin-phuc-long-1024x768.jpg\" alt=\"\" width=\"1020\" height=\"765\" srcset=\"https:\/\/phuongnguyen.sagomedia.vn\/wp-content\/uploads\/2025\/10\/ca-phe-pha-phin-phuc-long-1024x768.jpg 1024w, https:\/\/phuongnguyen.sagomedia.vn\/wp-content\/uploads\/2025\/10\/ca-phe-pha-phin-phuc-long-534x400.jpg 534w, https:\/\/phuongnguyen.sagomedia.vn\/wp-content\/uploads\/2025\/10\/ca-phe-pha-phin-phuc-long-768x576.jpg 768w, https:\/\/phuongnguyen.sagomedia.vn\/wp-content\/uploads\/2025\/10\/ca-phe-pha-phin-phuc-long-16x12.jpg 16w, https:\/\/phuongnguyen.sagomedia.vn\/wp-content\/uploads\/2025\/10\/ca-phe-pha-phin-phuc-long-700x525.jpg 700w, https:\/\/phuongnguyen.sagomedia.vn\/wp-content\/uploads\/2025\/10\/ca-phe-pha-phin-phuc-long.jpg 1422w\" sizes=\"auto, (max-width: 1020px) 100vw, 1020px\" \/><\/p>\n<h3 data-start=\"1591\" data-end=\"1643\">2. Practical guide on real devices<\/h3>\n<p data-start=\"1644\" data-end=\"1936\">Students are <strong data-start=\"1658\" data-end=\"1727\">practice directly on the line espresso \u2013 grinder professional<\/strong> as Eureka, Vega, Casadio, CRM,... due to Time, Resource distribution.<br data-start=\"1788\" data-end=\"1791\" \/>This helps to shorten the duration of familiar equipment, master the skills of blending fact and confident when operating the bar after completion of the course.<\/p>\n<h3 data-start=\"1938\" data-end=\"1996\">3. For all subjects \u2013 Flexible duration<\/h3>\n<p data-start=\"1997\" data-end=\"2094\">Phuong Nguyen organization <strong data-start=\"2019\" data-end=\"2078\">basic course, raising and training according to individual requirements<\/strong>suitable for:<\/p>\n<ul data-start=\"2095\" data-end=\"2312\">\n<li data-start=\"2095\" data-end=\"2135\">\n<p data-start=\"2097\" data-end=\"2135\">The owner is in the stage setup.<\/p>\n<\/li>\n<li data-start=\"2136\" data-end=\"2179\">\n<p data-start=\"2138\" data-end=\"2179\">The bartender need advanced skills.<\/p>\n<\/li>\n<li data-start=\"2180\" data-end=\"2312\">\n<p data-start=\"2182\" data-end=\"2312\">Individuals who want to start the beverage industry.<br data-start=\"2221\" data-end=\"2224\" \/>Flexible schedule, the number of students limited to ensure the quality detailed instructions.<\/p>\n<\/li>\n<\/ul>\n<h3 data-start=\"2314\" data-end=\"2372\">4. Support after training \u2013 Companion operated shop<\/h3>\n<p data-start=\"2373\" data-end=\"2569\">After the course, students are <strong data-start=\"2401\" data-end=\"2462\">counseling support setup bar, select the device, the appropriate menu<\/strong> and join <strong data-start=\"2475\" data-end=\"2540\">community share recipes, experiences, operated cafes<\/strong> due to Local Raw construction.<\/p>\n<p data-start=\"2571\" data-end=\"2821\">V\u1edbi ph\u01b0\u01a1ng ch\u00e2m d\u1ea1y <strong data-start=\"2587\" data-end=\"2649\">\u201cV\u1eefng n\u1ec1n t\u1ea3ng, chu\u1ea9n k\u1ef9 n\u0103ng\u201d<\/strong>, <strong data-start=\"2651\" data-end=\"2675\">Phuong Nguyen Coffee<\/strong> proud to be address <strong data-start=\"2694\" data-end=\"2747\">\u0111\u00e0o t\u1ea1o barista v\u00e0 pha ch\u1ebf chuy\u00ean nghi\u1ec7p<\/strong>to help you believe the bar is open and growing coffee brand of his own.<\/p>","protected":false},"excerpt":{"rendered":"<p>Trong h\u00e0nh tr\u00ecnh \u0111i\u1ec1u h\u00e0nh qu\u00e1n c\u00e0 ph\u00ea th\u00e0nh c\u00f4ng, k\u1ef9 n\u0103ng pha ch\u1ebf v\u00e0 hi\u1ec3u bi\u1ebft v\u1ec1 s\u1ea3n ph\u1ea9m l\u00e0 y\u1ebfu t\u1ed1 then ch\u1ed1t gi\u00fap t\u1ea1o n\u00ean h\u01b0\u01a1ng v\u1ecb kh\u00e1c bi\u1ec7t v\u00e0 gi\u1eef ch\u00e2n kh\u00e1ch h\u00e0ng.Hi\u1ec3u r\u00f5 \u0111i\u1ec1u \u0111\u00f3, Ph\u01b0\u01a1ng Nguy\u00ean x\u00e2y d\u1ef1ng ch\u01b0\u01a1ng tr\u00ecnh \u0111\u00e0o t\u1ea1o &amp; h\u01b0\u1edbng d\u1eabn k\u1ef9 thu\u1eadt pha ch\u1ebf [&#8230;]","protected":false},"author":1,"featured_media":8509,"parent":8355,"menu_order":0,"comment_status":"closed","ping_status":"closed","template":"","meta":{"_acf_changed":false,"footnotes":""},"class_list":["post-8365","page","type-page","status-publish","has-post-thumbnail","hentry"],"acf":[],"_links":{"self":[{"href":"https:\/\/phuongnguyen.sagomedia.vn\/en\/wp-json\/wp\/v2\/pages\/8365","targetHints":{"allow":["GET"]}}],"collection":[{"href":"https:\/\/phuongnguyen.sagomedia.vn\/en\/wp-json\/wp\/v2\/pages"}],"about":[{"href":"https:\/\/phuongnguyen.sagomedia.vn\/en\/wp-json\/wp\/v2\/types\/page"}],"author":[{"embeddable":true,"href":"https:\/\/phuongnguyen.sagomedia.vn\/en\/wp-json\/wp\/v2\/users\/1"}],"replies":[{"embeddable":true,"href":"https:\/\/phuongnguyen.sagomedia.vn\/en\/wp-json\/wp\/v2\/comments?post=8365"}],"version-history":[{"count":4,"href":"https:\/\/phuongnguyen.sagomedia.vn\/en\/wp-json\/wp\/v2\/pages\/8365\/revisions"}],"predecessor-version":[{"id":8590,"href":"https:\/\/phuongnguyen.sagomedia.vn\/en\/wp-json\/wp\/v2\/pages\/8365\/revisions\/8590"}],"up":[{"embeddable":true,"href":"https:\/\/phuongnguyen.sagomedia.vn\/en\/wp-json\/wp\/v2\/pages\/8355"}],"wp:featuredmedia":[{"embeddable":true,"href":"https:\/\/phuongnguyen.sagomedia.vn\/en\/wp-json\/wp\/v2\/media\/8509"}],"wp:attachment":[{"href":"https:\/\/phuongnguyen.sagomedia.vn\/en\/wp-json\/wp\/v2\/media?parent=8365"}],"curies":[{"name":"wp","href":"https:\/\/api.w.org\/{rel}","templated":true}]}}