{"id":8363,"date":"2025-10-22T16:18:48","date_gmt":"2025-10-22T09:18:48","guid":{"rendered":"https:\/\/phuongnguyen.sagomedia.vn\/?page_id=8363"},"modified":"2025-11-13T15:38:58","modified_gmt":"2025-11-13T08:38:58","slug":"ho-tro-truyen-thong-quang-cao-thuong-hieu","status":"publish","type":"page","link":"https:\/\/phuongnguyen.sagomedia.vn\/en\/dich-vu-chung-toi\/ho-tro-truyen-thong-quang-cao-thuong-hieu\/","title":{"rendered":"Support media &amp; advertising brand"},"content":{"rendered":"<p data-start=\"384\" data-end=\"882\">Trong ng\u00e0nh c\u00e0 ph\u00ea \u2013 F&amp;B c\u1ea1nh tranh hi\u1ec7n nay, vi\u1ec7c s\u1edf h\u1eefu m\u1ed9t kh\u00f4ng gian \u0111\u1eb9p, \u0111\u1ed3 u\u1ed1ng ngon l\u00e0 ch\u01b0a \u0111\u1ee7. \u0110i\u1ec1u quan tr\u1ecdng h\u01a1n l\u00e0 l\u00e0m sao \u0111\u1ec3 kh\u00e1ch h\u00e0ng bi\u1ebft \u0111\u1ebfn, ghi nh\u1edb v\u00e0 y\u00eau th\u00edch th\u01b0\u01a1ng hi\u1ec7u c\u1ee7a m\u00ecnh.<br data-start=\"605\" data-end=\"608\" \/><strong>H\u01a1n 20 n\u0103m kinh nghi\u1ec7m \u0111\u1ed3ng h\u00e0nh c\u00f9ng c\u00e1c th\u01b0\u01a1ng hi\u1ec7u c\u00e0 ph\u00ea, nh\u00e0 h\u00e0ng v\u00e0 chu\u1ed7i qu\u00e1n, Ph\u01b0\u01a1ng Nguy\u00ean mang \u0111\u1ebfn d\u1ecbch v\u1ee5 h\u1ed7 tr\u1ee3 truy\u1ec1n th\u00f4ng &amp; qu\u1ea3ng c\u00e1o th\u01b0\u01a1ng hi\u1ec7u to\u00e0n di\u1ec7n, gi\u00fap qu\u00fd kh\u00e1ch h\u00e0ng x\u00e2y d\u1ef1ng h\u00ecnh \u1ea3nh \u2013 thu h\u00fat kh\u00e1ch h\u00e0ng \u2013 ph\u00e1t tri\u1ec3n b\u1ec1n v\u1eefng.<\/strong><\/p>\n<h3 data-start=\"884\" data-end=\"943\">1. Brand positioning &amp; strategy communication<\/h3>\n<p data-start=\"944\" data-end=\"1310\">Phuong Nguyen started from the <strong data-start=\"974\" data-end=\"1059\">analysis, business model, target customers and strong points difference of the<\/strong>from that direction <strong data-start=\"1078\" data-end=\"1113\">media strategy fit<\/strong>.<br data-start=\"1114\" data-end=\"1117\" \/>We help you build <strong data-start=\"1145\" data-end=\"1185\">brand story (brand story)<\/strong>message , media, logo, color, and style image consistency \u2013 create the foundation for all activities advertising later.<\/p>\n<h3 data-start=\"1312\" data-end=\"1368\">2. Identity design &amp; media content<\/h3>\n<p data-start=\"1369\" data-end=\"1426\">Our team of design and marketing of the Raw support:<\/p>\n<ul data-start=\"1427\" data-end=\"1750\">\n<li data-start=\"1427\" data-end=\"1512\">\n<p data-start=\"1429\" data-end=\"1512\"><strong data-start=\"1429\" data-end=\"1466\">Design the brand identity<\/strong> (logo, menu, signs, packaging, uniforms).<\/p>\n<\/li>\n<li data-start=\"1513\" data-end=\"1620\">\n<p data-start=\"1515\" data-end=\"1620\"><strong data-start=\"1515\" data-end=\"1560\">Content production, advertising professional<\/strong>: photos, videos, TVC, article PR, social network content.<\/p>\n<\/li>\n<li data-start=\"1621\" data-end=\"1750\">\n<p data-start=\"1623\" data-end=\"1750\"><strong data-start=\"1623\" data-end=\"1685\">Photography \u2013 video space, products, staff<\/strong>help brands convey the true feelings and attraction over.<\/p>\n<\/li>\n<\/ul>\n<h3 data-start=\"1752\" data-end=\"1798\">3. Advertising \u2013 media multi-channel<\/h3>\n<p data-start=\"1799\" data-end=\"1874\">Phuong Nguyen deployment <strong data-start=\"1824\" data-end=\"1862\">the advertising campaign comprehensive<\/strong>including:<\/p>\n<ul data-start=\"1875\" data-end=\"2199\">\n<li data-start=\"1875\" data-end=\"1974\">\n<p data-start=\"1877\" data-end=\"1974\"><strong data-start=\"1877\" data-end=\"1930\">Ads, Facebook, Instagram, Google, TikTok Ads<\/strong> increase awareness and turn new customers.<\/p>\n<\/li>\n<li data-start=\"1975\" data-end=\"2091\">\n<p data-start=\"1977\" data-end=\"2091\"><strong data-start=\"1977\" data-end=\"2022\">Construction fanpage and professional website<\/strong>optimization SEO standards to appear prominently on search engines.<\/p>\n<\/li>\n<li data-start=\"2092\" data-end=\"2199\">\n<p data-start=\"2094\" data-end=\"2199\"><strong data-start=\"2094\" data-end=\"2132\">Connect KOLs, reviewer, influencer<\/strong> to spread the brand quickly to the target customer group.<\/p>\n<\/li>\n<\/ul>\n<h3 data-start=\"2201\" data-end=\"2252\">4. Long-term support \u2013 the development<\/h3>\n<p data-start=\"2253\" data-end=\"2493\">Don't just stop at the stage of opening, Local Resources also <strong data-start=\"2315\" data-end=\"2414\">long term companionship in maintaining communication, optimal advertising cost effectiveness analysis<\/strong>help innkeeper step by step <strong data-start=\"2440\" data-end=\"2491\">building a strong brand and stable revenue.<\/strong><\/p>\n<p data-start=\"2495\" data-end=\"2696\">With motto <strong data-start=\"2511\" data-end=\"2574\">\u201cH\u1ee3p T\u00e1c Th\u00e0nh C\u00f4ng\u201d<\/strong>we always bring <strong data-start=\"2600\" data-end=\"2696\">marketing solutions in accordance with each scale bars \u2013 from startup small to chain big brand.<\/strong><\/p>","protected":false},"excerpt":{"rendered":"<p>Trong ng\u00e0nh c\u00e0 ph\u00ea \u2013 F&amp;B c\u1ea1nh tranh hi\u1ec7n nay, vi\u1ec7c s\u1edf h\u1eefu m\u1ed9t kh\u00f4ng gian \u0111\u1eb9p, \u0111\u1ed3 u\u1ed1ng ngon l\u00e0 ch\u01b0a \u0111\u1ee7. \u0110i\u1ec1u quan tr\u1ecdng h\u01a1n l\u00e0 l\u00e0m sao \u0111\u1ec3 kh\u00e1ch h\u00e0ng bi\u1ebft \u0111\u1ebfn, ghi nh\u1edb v\u00e0 y\u00eau th\u00edch th\u01b0\u01a1ng hi\u1ec7u c\u1ee7a m\u00ecnh.H\u01a1n 20 n\u0103m kinh nghi\u1ec7m \u0111\u1ed3ng h\u00e0nh c\u00f9ng c\u00e1c th\u01b0\u01a1ng hi\u1ec7u c\u00e0 [&#8230;]","protected":false},"author":1,"featured_media":0,"parent":8355,"menu_order":0,"comment_status":"closed","ping_status":"closed","template":"","meta":{"_acf_changed":false,"footnotes":""},"class_list":["post-8363","page","type-page","status-publish","hentry"],"acf":[],"_links":{"self":[{"href":"https:\/\/phuongnguyen.sagomedia.vn\/en\/wp-json\/wp\/v2\/pages\/8363","targetHints":{"allow":["GET"]}}],"collection":[{"href":"https:\/\/phuongnguyen.sagomedia.vn\/en\/wp-json\/wp\/v2\/pages"}],"about":[{"href":"https:\/\/phuongnguyen.sagomedia.vn\/en\/wp-json\/wp\/v2\/types\/page"}],"author":[{"embeddable":true,"href":"https:\/\/phuongnguyen.sagomedia.vn\/en\/wp-json\/wp\/v2\/users\/1"}],"replies":[{"embeddable":true,"href":"https:\/\/phuongnguyen.sagomedia.vn\/en\/wp-json\/wp\/v2\/comments?post=8363"}],"version-history":[{"count":5,"href":"https:\/\/phuongnguyen.sagomedia.vn\/en\/wp-json\/wp\/v2\/pages\/8363\/revisions"}],"predecessor-version":[{"id":8593,"href":"https:\/\/phuongnguyen.sagomedia.vn\/en\/wp-json\/wp\/v2\/pages\/8363\/revisions\/8593"}],"up":[{"embeddable":true,"href":"https:\/\/phuongnguyen.sagomedia.vn\/en\/wp-json\/wp\/v2\/pages\/8355"}],"wp:attachment":[{"href":"https:\/\/phuongnguyen.sagomedia.vn\/en\/wp-json\/wp\/v2\/media?parent=8363"}],"curies":[{"name":"wp","href":"https:\/\/api.w.org\/{rel}","templated":true}]}}