{"id":8361,"date":"2025-10-22T16:18:37","date_gmt":"2025-10-22T09:18:37","guid":{"rendered":"https:\/\/phuongnguyen.sagomedia.vn\/?page_id=8361"},"modified":"2025-11-07T09:57:31","modified_gmt":"2025-11-07T02:57:31","slug":"thiet-ke-thi-cong-tron-goi-khong-gian-ca-phe","status":"publish","type":"page","link":"https:\/\/phuongnguyen.sagomedia.vn\/en\/dich-vu-chung-toi\/thiet-ke-thi-cong-tron-goi-khong-gian-ca-phe\/","title":{"rendered":"Design \u2013 package execution space coffee"},"content":{"rendered":"<p data-start=\"340\" data-end=\"708\">Phuong Nguyen Coffee not only is the production and supply of equipment, raw materials coffee \u2013 but also as a reliable partner in design &amp; construction package cafe professional.<br data-start=\"528\" data-end=\"531\" \/>With over 20 years of experience in the industry, F&amp;B, we understand the aesthetic elements \u2013 functions \u2013 customer experience is the foundation to create a space coffee success.<\/p>\n<p data-start=\"710\" data-end=\"797\">Services \u2013 design-construction space coffee package in the Resource include:<\/p>\n<ul data-start=\"798\" data-end=\"1298\">\n<li data-start=\"798\" data-end=\"904\">\n<p data-start=\"800\" data-end=\"904\">Consulting concept \u2013 shaped style cuisine: modern, vintage, tropical, industrial or rental.<\/p>\n<\/li>\n<li data-start=\"905\" data-end=\"1043\">\n<p data-start=\"907\" data-end=\"1043\">3D design &amp; layout features: optimal area, ensure circulation conveniently between the dispensing, the service and the client.<\/p>\n<\/li>\n<li data-start=\"1044\" data-end=\"1187\">\n<p data-start=\"1046\" data-end=\"1187\">Construction finishing, furniture, lighting, signs, and the mixing, syncing with devices and power system, standard water cafe.<\/p>\n<\/li>\n<li data-start=\"1188\" data-end=\"1298\">\n<p data-start=\"1190\" data-end=\"1298\">Setup equipment operator training \u2013 consulting menu baristas, help ready opened quickly.<\/p>\n<\/li>\n<\/ul>\n<p data-start=\"1300\" data-end=\"1498\">Phuong Nguyen is committed to the space beautiful coffee \u2013 standard brand \u2013 optimal investment cost, while ensuring rapid progress of construction, materials, quality, and warranty service reputation.<\/p>\n<p data-start=\"1500\" data-end=\"1677\">More than a construction unit, Phuong Nguyen Coffee is a partner to accompany you in the journey to build and operate cafes efficient, professional, and sustainable.<\/p>","protected":false},"excerpt":{"rendered":"<p>Ph\u01b0\u01a1ng Nguy\u00ean kh\u00f4ng ch\u1ec9 l\u00e0 \u0111\u01a1n v\u1ecb s\u1ea3n xu\u1ea5t v\u00e0 cung c\u1ea5p thi\u1ebft b\u1ecb, nguy\u00ean li\u1ec7u c\u00e0 ph\u00ea \u2013 m\u00e0 c\u00f2n l\u00e0 \u0111\u1ed1i t\u00e1c tin c\u1eady trong thi\u1ebft k\u1ebf &amp; thi c\u00f4ng tr\u1ecdn g\u00f3i qu\u00e1n c\u00e0 ph\u00ea chuy\u00ean nghi\u1ec7p.H\u01a1n 20 n\u0103m kinh nghi\u1ec7m trong ng\u00e0nh F&amp;B, ch\u00fang t\u00f4i hi\u1ec3u r\u00f5 y\u1ebfu t\u1ed1 th\u1ea9m m\u1ef9 \u2013 [&#8230;]","protected":false},"author":1,"featured_media":8558,"parent":8355,"menu_order":0,"comment_status":"closed","ping_status":"closed","template":"","meta":{"_acf_changed":false,"footnotes":""},"class_list":["post-8361","page","type-page","status-publish","has-post-thumbnail","hentry"],"acf":[],"_links":{"self":[{"href":"https:\/\/phuongnguyen.sagomedia.vn\/en\/wp-json\/wp\/v2\/pages\/8361","targetHints":{"allow":["GET"]}}],"collection":[{"href":"https:\/\/phuongnguyen.sagomedia.vn\/en\/wp-json\/wp\/v2\/pages"}],"about":[{"href":"https:\/\/phuongnguyen.sagomedia.vn\/en\/wp-json\/wp\/v2\/types\/page"}],"author":[{"embeddable":true,"href":"https:\/\/phuongnguyen.sagomedia.vn\/en\/wp-json\/wp\/v2\/users\/1"}],"replies":[{"embeddable":true,"href":"https:\/\/phuongnguyen.sagomedia.vn\/en\/wp-json\/wp\/v2\/comments?post=8361"}],"version-history":[{"count":2,"href":"https:\/\/phuongnguyen.sagomedia.vn\/en\/wp-json\/wp\/v2\/pages\/8361\/revisions"}],"predecessor-version":[{"id":8443,"href":"https:\/\/phuongnguyen.sagomedia.vn\/en\/wp-json\/wp\/v2\/pages\/8361\/revisions\/8443"}],"up":[{"embeddable":true,"href":"https:\/\/phuongnguyen.sagomedia.vn\/en\/wp-json\/wp\/v2\/pages\/8355"}],"wp:featuredmedia":[{"embeddable":true,"href":"https:\/\/phuongnguyen.sagomedia.vn\/en\/wp-json\/wp\/v2\/media\/8558"}],"wp:attachment":[{"href":"https:\/\/phuongnguyen.sagomedia.vn\/en\/wp-json\/wp\/v2\/media?parent=8361"}],"curies":[{"name":"wp","href":"https:\/\/api.w.org\/{rel}","templated":true}]}}