{"id":8359,"date":"2025-10-22T16:18:30","date_gmt":"2025-10-22T09:18:30","guid":{"rendered":"https:\/\/phuongnguyen.sagomedia.vn\/?page_id=8359"},"modified":"2025-11-13T15:38:21","modified_gmt":"2025-11-13T08:38:21","slug":"cung-cap-thiet-bi-nguyen-lieu-quan-ca-phe","status":"publish","type":"page","link":"https:\/\/phuongnguyen.sagomedia.vn\/en\/dich-vu-chung-toi\/cung-cap-thiet-bi-nguyen-lieu-quan-ca-phe\/","title":{"rendered":"Supply of equipment &amp; materials cafe"},"content":{"rendered":"<p data-start=\"343\" data-end=\"629\">With more than 20 years together with the coffee brands, chain stores and a business F&amp;B, Phuong Nguyen Coffee is the supply of equipment and raw materials cafe professional solution for comprehensive \u2013 efficient \u2013 optimum cost for customers across the country.<\/p>\n<p data-start=\"343\" data-end=\"629\"><img loading=\"lazy\" decoding=\"async\" class=\"aligncenter size-large wp-image-8588\" src=\"https:\/\/phuongnguyen.sagomedia.vn\/wp-content\/uploads\/2025\/10\/z7199395694961_24ce7441056dd4e04f5cc6cac98eb32e-1024x629.jpg\" alt=\"\" width=\"1020\" height=\"627\" srcset=\"https:\/\/phuongnguyen.sagomedia.vn\/wp-content\/uploads\/2025\/10\/z7199395694961_24ce7441056dd4e04f5cc6cac98eb32e-1024x629.jpg 1024w, https:\/\/phuongnguyen.sagomedia.vn\/wp-content\/uploads\/2025\/10\/z7199395694961_24ce7441056dd4e04f5cc6cac98eb32e-651x400.jpg 651w, https:\/\/phuongnguyen.sagomedia.vn\/wp-content\/uploads\/2025\/10\/z7199395694961_24ce7441056dd4e04f5cc6cac98eb32e-768x472.jpg 768w, https:\/\/phuongnguyen.sagomedia.vn\/wp-content\/uploads\/2025\/10\/z7199395694961_24ce7441056dd4e04f5cc6cac98eb32e-1536x943.jpg 1536w, https:\/\/phuongnguyen.sagomedia.vn\/wp-content\/uploads\/2025\/10\/z7199395694961_24ce7441056dd4e04f5cc6cac98eb32e-2048x1258.jpg 2048w, https:\/\/phuongnguyen.sagomedia.vn\/wp-content\/uploads\/2025\/10\/z7199395694961_24ce7441056dd4e04f5cc6cac98eb32e-18x12.jpg 18w, https:\/\/phuongnguyen.sagomedia.vn\/wp-content\/uploads\/2025\/10\/z7199395694961_24ce7441056dd4e04f5cc6cac98eb32e-700x430.jpg 700w\" sizes=\"auto, (max-width: 1020px) 100vw, 1020px\" \/><\/p>\n<p data-start=\"631\" data-end=\"781\">In the Raw, we provide dispensing equipment modern from the popular brands such as Eureka, Heycafe, Cream, Vega, CRM,... including:<\/p>\n<ul data-start=\"782\" data-end=\"1009\">\n<li data-start=\"782\" data-end=\"851\">\n<p data-start=\"784\" data-end=\"851\">Coffee machine, coffee grinder machine, milk standard barista.<\/p>\n<\/li>\n<li data-start=\"852\" data-end=\"929\">\n<p data-start=\"854\" data-end=\"929\">Dispensing equipment, milk tea, ice machine, blender industry.<\/p>\n<\/li>\n<li data-start=\"930\" data-end=\"1009\">\n<p data-start=\"932\" data-end=\"1009\">Accessories bar, cups, kettle, weighing, dispensing tools.<\/p>\n<\/li>\n<\/ul>\n<p><img loading=\"lazy\" decoding=\"async\" class=\"aligncenter size-large wp-image-8586\" src=\"https:\/\/phuongnguyen.sagomedia.vn\/wp-content\/uploads\/2025\/10\/z7198053047198_fa256e21dba6037deaa7d5c2877d4acf-1024x767.jpg\" alt=\"\" width=\"1020\" height=\"764\" srcset=\"https:\/\/phuongnguyen.sagomedia.vn\/wp-content\/uploads\/2025\/10\/z7198053047198_fa256e21dba6037deaa7d5c2877d4acf-1024x767.jpg 1024w, https:\/\/phuongnguyen.sagomedia.vn\/wp-content\/uploads\/2025\/10\/z7198053047198_fa256e21dba6037deaa7d5c2877d4acf-534x400.jpg 534w, https:\/\/phuongnguyen.sagomedia.vn\/wp-content\/uploads\/2025\/10\/z7198053047198_fa256e21dba6037deaa7d5c2877d4acf-768x575.jpg 768w, https:\/\/phuongnguyen.sagomedia.vn\/wp-content\/uploads\/2025\/10\/z7198053047198_fa256e21dba6037deaa7d5c2877d4acf-16x12.jpg 16w, https:\/\/phuongnguyen.sagomedia.vn\/wp-content\/uploads\/2025\/10\/z7198053047198_fa256e21dba6037deaa7d5c2877d4acf-700x524.jpg 700w, https:\/\/phuongnguyen.sagomedia.vn\/wp-content\/uploads\/2025\/10\/z7198053047198_fa256e21dba6037deaa7d5c2877d4acf.jpg 1280w\" sizes=\"auto, (max-width: 1020px) 100vw, 1020px\" \/><\/p>\n<p data-start=\"1011\" data-end=\"1378\">In parallel, Local Resources are the production and distribution of raw coffee \u2013 tea \u2013 powder dispensing high quality guaranteed origin clear and flavor stability.<br data-start=\"1180\" data-end=\"1183\" \/>The category raw materials include: coffee roasters, coffee, tea, raw leaf, powder matcha, cocoa powder, syrup, sauce, cream, vegetable fat,... \u2013 fully meet the demand for cafes, milk tea, and restaurant.<\/p>\n<p data-start=\"1380\" data-end=\"1599\">We are committed to supply genuine product \u2013 price \u2013 good after-sales service, conscientious, with advice setup bar and navigation menu dispensing professional help innkeeper optimal operation and enhance the quality of drinks.<\/p>\n<p data-start=\"1601\" data-end=\"1748\">Phuong Nguyen Coffee \u2013 package Solution for coffee professionals, from equipment \u2013 raw materials \u2013 commissioning consultants \u2013 barista training.<\/p>","protected":false},"excerpt":{"rendered":"<p>H\u01a1n 20 n\u0103m \u0111\u1ed3ng h\u00e0nh c\u00f9ng c\u00e1c th\u01b0\u01a1ng hi\u1ec7u c\u00e0 ph\u00ea, chu\u1ed7i c\u1eeda h\u00e0ng v\u00e0 qu\u00e1n kinh doanh F&amp;B, Ph\u01b0\u01a1ng Nguy\u00ean l\u00e0 nh\u00e0 cung c\u1ea5p thi\u1ebft b\u1ecb v\u00e0 nguy\u00ean li\u1ec7u qu\u00e1n c\u00e0 ph\u00ea chuy\u00ean nghi\u1ec7p, mang \u0111\u1ebfn gi\u1ea3i ph\u00e1p to\u00e0n di\u1ec7n \u2013 hi\u1ec7u qu\u1ea3 \u2013 t\u1ed1i \u01b0u chi ph\u00ed cho kh\u00e1ch h\u00e0ng tr\u00ean to\u00e0n qu\u1ed1c. [&#8230;]","protected":false},"author":1,"featured_media":8588,"parent":8355,"menu_order":0,"comment_status":"closed","ping_status":"closed","template":"","meta":{"_acf_changed":false,"footnotes":""},"class_list":["post-8359","page","type-page","status-publish","has-post-thumbnail","hentry"],"acf":[],"_links":{"self":[{"href":"https:\/\/phuongnguyen.sagomedia.vn\/en\/wp-json\/wp\/v2\/pages\/8359","targetHints":{"allow":["GET"]}}],"collection":[{"href":"https:\/\/phuongnguyen.sagomedia.vn\/en\/wp-json\/wp\/v2\/pages"}],"about":[{"href":"https:\/\/phuongnguyen.sagomedia.vn\/en\/wp-json\/wp\/v2\/types\/page"}],"author":[{"embeddable":true,"href":"https:\/\/phuongnguyen.sagomedia.vn\/en\/wp-json\/wp\/v2\/users\/1"}],"replies":[{"embeddable":true,"href":"https:\/\/phuongnguyen.sagomedia.vn\/en\/wp-json\/wp\/v2\/comments?post=8359"}],"version-history":[{"count":4,"href":"https:\/\/phuongnguyen.sagomedia.vn\/en\/wp-json\/wp\/v2\/pages\/8359\/revisions"}],"predecessor-version":[{"id":8592,"href":"https:\/\/phuongnguyen.sagomedia.vn\/en\/wp-json\/wp\/v2\/pages\/8359\/revisions\/8592"}],"up":[{"embeddable":true,"href":"https:\/\/phuongnguyen.sagomedia.vn\/en\/wp-json\/wp\/v2\/pages\/8355"}],"wp:featuredmedia":[{"embeddable":true,"href":"https:\/\/phuongnguyen.sagomedia.vn\/en\/wp-json\/wp\/v2\/media\/8588"}],"wp:attachment":[{"href":"https:\/\/phuongnguyen.sagomedia.vn\/en\/wp-json\/wp\/v2\/media?parent=8359"}],"curies":[{"name":"wp","href":"https:\/\/api.w.org\/{rel}","templated":true}]}}