{"id":8357,"date":"2025-10-22T16:18:22","date_gmt":"2025-10-22T09:18:22","guid":{"rendered":"https:\/\/phuongnguyen.sagomedia.vn\/?page_id=8357"},"modified":"2025-11-13T15:37:21","modified_gmt":"2025-11-13T08:37:21","slug":"san-xuat-phan-phoi-san-pham-ca-phe-tra-gung-hoa-tan","status":"publish","type":"page","link":"https:\/\/phuongnguyen.sagomedia.vn\/en\/dich-vu-chung-toi\/san-xuat-phan-phoi-san-pham-ca-phe-tra-gung-hoa-tan\/","title":{"rendered":"S\u1ea3n xu\u1ea5t &#038; Ph\u00e2n ph\u1ed1i s\u1ea3n ph\u1ea9m c\u00e0 ph\u00ea \u2013 tr\u00e0 g\u1eebng ho\u00e0 tan"},"content":{"rendered":"<p data-start=\"368\" data-end=\"769\">H\u01a1n 20 n\u0103m kinh nghi\u1ec7m trong ng\u00e0nh c\u00e0 ph\u00ea Vi\u1ec7t Nam, Ph\u01b0\u01a1ng Nguy\u00ean c\u00e0 ph\u00ea l\u00e0 \u0111\u01a1n v\u1ecb uy t\u00edn chuy\u00ean s\u1ea3n xu\u1ea5t v\u00e0 ph\u00e2n ph\u1ed1i s\u1ea3n ph\u1ea9m c\u00e0 ph\u00ea \u2013 tr\u00e0 h\u00f2a tan ch\u1ea5t l\u01b0\u1ee3ng cao, ph\u1ee5c v\u1ee5 nhu c\u1ea7u c\u1ee7a kh\u00e1ch h\u00e0ng trong n\u01b0\u1edbc v\u00e0 xu\u1ea5t kh\u1ea9u qu\u1ed1c t\u1ebf. Ch\u00fang t\u00f4i t\u1ef1 h\u00e0o mang \u0111\u1ebfn gi\u1ea3i ph\u00e1p \u0111\u1ed3 u\u1ed1ng ti\u1ec7n l\u1ee3i, gi\u1eef tr\u1ecdn h\u01b0\u01a1ng v\u1ecb nguy\u00ean b\u1ea3n t\u1eeb thi\u00ean nhi\u00ean v\u00e0 \u0111\u1ea3m b\u1ea3o an to\u00e0n \u2013 \u0111\u1ed3ng nh\u1ea5t \u2013 d\u1ec5 s\u1eed d\u1ee5ng.<\/p>\n<p data-start=\"368\" data-end=\"769\"><img loading=\"lazy\" decoding=\"async\" class=\"aligncenter size-large wp-image-8301\" src=\"https:\/\/phuongnguyen.sagomedia.vn\/wp-content\/uploads\/2025\/10\/ac9e0049552e24158420f96717b4666b-768x1024.jpg\" alt=\"\" width=\"768\" height=\"1024\" srcset=\"https:\/\/phuongnguyen.sagomedia.vn\/wp-content\/uploads\/2025\/10\/ac9e0049552e24158420f96717b4666b-768x1024.jpg 768w, https:\/\/phuongnguyen.sagomedia.vn\/wp-content\/uploads\/2025\/10\/ac9e0049552e24158420f96717b4666b-300x400.jpg 300w, https:\/\/phuongnguyen.sagomedia.vn\/wp-content\/uploads\/2025\/10\/ac9e0049552e24158420f96717b4666b-9x12.jpg 9w, https:\/\/phuongnguyen.sagomedia.vn\/wp-content\/uploads\/2025\/10\/ac9e0049552e24158420f96717b4666b-700x933.jpg 700w, https:\/\/phuongnguyen.sagomedia.vn\/wp-content\/uploads\/2025\/10\/ac9e0049552e24158420f96717b4666b.jpg 960w\" sizes=\"auto, (max-width: 768px) 100vw, 768px\" \/><\/p>\n<p data-start=\"771\" data-end=\"1037\">Products coffee and tea dissolving of the Resource is processed from raw materials selection, combination of technology, spray drying and modern recipes roasters exclusive, helps retain the aroma, taste and natural colors. Catalogue product diversity:<\/p>\n<ul data-start=\"1038\" data-end=\"1331\">\n<li data-start=\"1038\" data-end=\"1129\">\n<p data-start=\"1040\" data-end=\"1129\">Coffee, coffee, coconut, coffee, milk \u2013 flavored, fat, fragrant, bold standard gu Vietnam.<\/p>\n<\/li>\n<li data-start=\"1130\" data-end=\"1232\">\n<p data-start=\"1132\" data-end=\"1232\">Tr\u00e0 g\u1eebng, tr\u00e0 th\u1ea3o m\u1ed9c h\u00f2a tan \u2013 ti\u1ec7n l\u1ee3i, thanh m\u00e1t, t\u1ed1t cho s\u1ee9c kh\u1ecfe.<\/p>\n<\/li>\n<li data-start=\"1233\" data-end=\"1331\">\n<p data-start=\"1235\" data-end=\"1331\">Nh\u1eadn s\u1ea3n xu\u1ea5t theo \u0111\u01a1n \u0111\u1eb7t h\u00e0ng ri\u00eang cho \u0111\u1ed1i t\u00e1c v\u00e0 doanh nghi\u1ec7p.<\/p>\n<\/li>\n<\/ul>\n<p data-start=\"1333\" data-end=\"1558\">Phuong Nguyen not only focus on quality of each product but also to offer delivery service nationwide support agent \u2013 wholesalers \u2013 chain coffee shop, restaurant, hotel with policy best price and after sales professional.<\/p>\n<p data-start=\"1560\" data-end=\"1805\">V\u1edbi h\u1ec7 th\u1ed1ng ki\u1ec3m so\u00e1t ch\u1ea5t l\u01b0\u1ee3ng nghi\u00eam ng\u1eb7t, bao b\u00ec \u0111\u1eb9p, h\u01b0\u01a1ng v\u1ecb \u1ed5n \u0111\u1ecbnh v\u00e0 n\u0103ng l\u1ef1c s\u1ea3n xu\u1ea5t l\u1edbn, Ph\u01b0\u01a1ng Nguy\u00ean c\u00e0 ph\u00ea cam k\u1ebft tr\u1edf th\u00e0nh \u0111\u1ed1i t\u00e1c tin c\u1eady trong l\u0129nh v\u1ef1c s\u1ea3n xu\u1ea5t &amp; ph\u00e2n ph\u1ed1i c\u00e0 ph\u00ea t\u1ea1i Vi\u1ec7t Nam.<\/p>","protected":false},"excerpt":{"rendered":"<p>H\u01a1n 20 n\u0103m kinh nghi\u1ec7m trong ng\u00e0nh c\u00e0 ph\u00ea Vi\u1ec7t Nam, Ph\u01b0\u01a1ng Nguy\u00ean c\u00e0 ph\u00ea l\u00e0 \u0111\u01a1n v\u1ecb uy t\u00edn chuy\u00ean s\u1ea3n xu\u1ea5t v\u00e0 ph\u00e2n ph\u1ed1i s\u1ea3n ph\u1ea9m c\u00e0 ph\u00ea \u2013 tr\u00e0 h\u00f2a tan ch\u1ea5t l\u01b0\u1ee3ng cao, ph\u1ee5c v\u1ee5 nhu c\u1ea7u c\u1ee7a kh\u00e1ch h\u00e0ng trong n\u01b0\u1edbc v\u00e0 xu\u1ea5t kh\u1ea9u qu\u1ed1c t\u1ebf. Ch\u00fang t\u00f4i t\u1ef1 h\u00e0o [&#8230;]","protected":false},"author":1,"featured_media":0,"parent":8355,"menu_order":0,"comment_status":"closed","ping_status":"closed","template":"","meta":{"_acf_changed":false,"footnotes":""},"class_list":["post-8357","page","type-page","status-publish","hentry"],"acf":[],"_links":{"self":[{"href":"https:\/\/phuongnguyen.sagomedia.vn\/en\/wp-json\/wp\/v2\/pages\/8357","targetHints":{"allow":["GET"]}}],"collection":[{"href":"https:\/\/phuongnguyen.sagomedia.vn\/en\/wp-json\/wp\/v2\/pages"}],"about":[{"href":"https:\/\/phuongnguyen.sagomedia.vn\/en\/wp-json\/wp\/v2\/types\/page"}],"author":[{"embeddable":true,"href":"https:\/\/phuongnguyen.sagomedia.vn\/en\/wp-json\/wp\/v2\/users\/1"}],"replies":[{"embeddable":true,"href":"https:\/\/phuongnguyen.sagomedia.vn\/en\/wp-json\/wp\/v2\/comments?post=8357"}],"version-history":[{"count":7,"href":"https:\/\/phuongnguyen.sagomedia.vn\/en\/wp-json\/wp\/v2\/pages\/8357\/revisions"}],"predecessor-version":[{"id":8591,"href":"https:\/\/phuongnguyen.sagomedia.vn\/en\/wp-json\/wp\/v2\/pages\/8357\/revisions\/8591"}],"up":[{"embeddable":true,"href":"https:\/\/phuongnguyen.sagomedia.vn\/en\/wp-json\/wp\/v2\/pages\/8355"}],"wp:attachment":[{"href":"https:\/\/phuongnguyen.sagomedia.vn\/en\/wp-json\/wp\/v2\/media?parent=8357"}],"curies":[{"name":"wp","href":"https:\/\/api.w.org\/{rel}","templated":true}]}}